{"id":9123,"date":"2024-06-12T14:10:07","date_gmt":"2024-06-12T12:10:07","guid":{"rendered":"https:\/\/www.loidl-consulting.at\/?page_id=9123"},"modified":"2024-07-23T16:56:01","modified_gmt":"2024-07-23T14:56:01","slug":"disaster-recovery","status":"publish","type":"page","link":"https:\/\/www.loidl-consulting.at\/en\/disaster-recovery\/","title":{"rendered":"Disaster Recovery L\u00f6sung &#8211; Angebot"},"content":{"rendered":"<div class=\"wp-block-media-text has-media-on-the-right is-stacked-on-mobile\"><div class=\"wp-block-media-text__content\">\n<p>Fordern Sie hier Ihr Angebot f&#xFC;r Ihre individuelle <a href=\"https:\/\/www.loidl-consulting.at\/en\/disaster-recovery-angebot\/\" class=\"broken_link\"><\/a><a class=\"glossaryLink\" aria-describedby=\"tt\" data-cmtooltip=\"&lt;div class=glossaryItemTitle&gt;Disaster Recovery&lt;\/div&gt;&lt;div class=glossaryItemBody&gt;&amp;lt;!-- wp:paragraph --&amp;gt;Unter Disaster Recovery (Notfallwiederherstellung) versteht man den Prozess, die Richtlinien und Verfahren zur Vorbereitung der Wiederherstellung oder Fortf&#xFC;hrung der f&#xFC;r eine Organisation wichtigen technologischen Infrastruktur nach einer nat&#xFC;rlichen oder von Menschen verursachten Katastrophe. Die Notfallwiederherstellung ist ein Teilbereich der Gesch&#xE4;ftskontinuit&#xE4;t. W&#xE4;hrend die Gesch&#xE4;ftskontinuit&#xE4;t die Planung f&#xFC;r die Aufrechterhaltung aller Aspekte eines Unternehmens inmitten von st&#xF6;renden Ereignissen beinhaltet, konzentriert sich die Wiederherstellung im Katastrophenfall auf die IT- oder Technologiesysteme, die die Gesch&#xE4;ftsfunktionen unterst&#xFC;tzen.&amp;lt;br\/&amp;gt;&amp;lt;!-- \/wp:paragraph --&amp;gt;&lt;\/div&gt;\" href=\"https:\/\/www.loidl-consulting.at\/en\/glossary\/glossar-disaster-recovery\/\" data-gt-translate-attributes='[{\"attribute\":\"data-cmtooltip\", \"format\":\"html\"}]' tabindex=\"0\" role=\"link\">Disaster Recovery<\/a> L&#xF6;sung an!<\/p>\n<\/div><figure class=\"wp-block-media-text__media\"><img decoding=\"async\" width=\"410\" height=\"60\" src=\"https:\/\/www.loidl-consulting.at\/wp-content\/uploads\/2023\/05\/Logo-Loidl-Consulting.png\" alt=\"Loidl Consulting &amp; IT Services Logo des Firmennamens\" class=\"wp-image-48 size-full\" srcset=\"https:\/\/www.loidl-consulting.at\/wp-content\/uploads\/2023\/05\/Logo-Loidl-Consulting.png 410w, https:\/\/www.loidl-consulting.at\/wp-content\/uploads\/2023\/05\/Logo-Loidl-Consulting-300x44.png 300w, https:\/\/www.loidl-consulting.at\/wp-content\/uploads\/2023\/05\/Logo-Loidl-Consulting-150x22.png 150w, https:\/\/www.loidl-consulting.at\/wp-content\/uploads\/2023\/05\/Logo-Loidl-Consulting-200x29.png 200w\" sizes=\"(max-width: 410px) 100vw, 410px\"\/><\/figure><\/div>\n\n\n\n<div style=\"height:100px\" aria-hidden=\"true\" class=\"wp-block-spacer\"><\/div>\n\n\n<div class=\"wpforms-container wpforms-block wpforms-block-35747753-4616-458c-8106-7823ca412cc9 wpforms-render-modern\" id=\"wpforms-9128\"><form id=\"wpforms-form-9128\" class=\"wpforms-validate wpforms-form wpforms-ajax-form\" data-formid=\"9128\" method=\"post\" enctype=\"multipart\/form-data\" action=\"\/en\/wp-json\/wp\/v2\/pages\/9123\" data-token=\"92ab24b82ec1da6b7780c095cf1f57cd\" data-token-time=\"1776596230\" data-trp-original-action=\"\/en\/wp-json\/wp\/v2\/pages\/9123\"><noscript class=\"wpforms-error-noscript\">Please enable <a class=\"glossaryLink\" aria-describedby=\"tt\" data-cmtooltip=\"&lt;div class=glossaryItemTitle&gt;JavaScript&lt;\/div&gt;&lt;div class=glossaryItemBody&gt;&amp;lt;!-- wp:paragraph --&amp;gt;Eine &#xF6;ffentlich zug&#xE4;ngliche Skriptsprache, die viele der Funktionen von Java teilt; sie wird verwendet, um Webseiten dynamische Inhalte (verschiedene Arten von Interaktivit&#xE4;t) hinzuzuf&#xFC;gen.&amp;lt;br\/&amp;gt;&amp;lt;!-- \/wp:paragraph --&amp;gt;&lt;\/div&gt;\" href=\"https:\/\/www.loidl-consulting.at\/en\/glossary\/javascript\/\" data-gt-translate-attributes='[{\"attribute\":\"data-cmtooltip\", \"format\":\"html\"}]' tabindex=\"0\" role=\"link\">JavaScript<\/a> in your browser to complete this form.<\/noscript><div class=\"wpforms-hidden\" id=\"wpforms-error-noscript\">Please enable <a class=\"glossaryLink\" aria-describedby=\"tt\" data-cmtooltip=\"&lt;div class=glossaryItemTitle&gt;JavaScript&lt;\/div&gt;&lt;div class=glossaryItemBody&gt;&amp;lt;!-- wp:paragraph --&amp;gt;Eine &#xF6;ffentlich zug&#xE4;ngliche Skriptsprache, die viele der Funktionen von Java teilt; sie wird verwendet, um Webseiten dynamische Inhalte (verschiedene Arten von Interaktivit&#xE4;t) hinzuzuf&#xFC;gen.&amp;lt;br\/&amp;gt;&amp;lt;!-- \/wp:paragraph --&amp;gt;&lt;\/div&gt;\" href=\"https:\/\/www.loidl-consulting.at\/en\/glossary\/javascript\/\" data-gt-translate-attributes='[{\"attribute\":\"data-cmtooltip\", \"format\":\"html\"}]' tabindex=\"0\" role=\"link\">JavaScript<\/a> in your browser to complete this form.<\/div><div class=\"wpforms-field-container\"><div id=\"wpforms-9128-field_2-container\" class=\"wpforms-field wpforms-field-name\" data-field-id=\"2\"><fieldset><legend class=\"wpforms-field-label\">Name <span class=\"wpforms-required-label\" aria-hidden=\"true\">*<\/span><\/legend><div class=\"wpforms-field-row wpforms-field-medium\"><div class=\"wpforms-field-row-block wpforms-first wpforms-one-half\"><input type=\"text\" id=\"wpforms-9128-field_2\" class=\"wpforms-field-name-first wpforms-field-required\" name=\"wpforms[fields][2][first]\" placeholder=\"Vorname\" aria-errormessage=\"wpforms-9128-field_2-error\" required><label for=\"wpforms-9128-field_2\" class=\"wpforms-field-sublabel after wpforms-sublabel-hide\">First<\/label><\/div><div class=\"wpforms-field-row-block wpforms-one-half\"><input type=\"text\" id=\"wpforms-9128-field_2-last\" class=\"wpforms-field-name-last wpforms-field-required\" name=\"wpforms[fields][2][last]\" placeholder=\"Nachname\" aria-errormessage=\"wpforms-9128-field_2-last-error\" required><label for=\"wpforms-9128-field_2-last\" class=\"wpforms-field-sublabel after wpforms-sublabel-hide\">Last<\/label><\/div><\/div><\/fieldset><\/div><div id=\"wpforms-9128-field_5-container\" class=\"wpforms-field wpforms-field-text\" data-field-id=\"5\"><label class=\"wpforms-field-label\" for=\"wpforms-9128-field_5\">Unternehmen \/ Organisation <span class=\"wpforms-required-label\" aria-hidden=\"true\">*<\/span><\/label><input type=\"text\" id=\"wpforms-9128-field_5\" class=\"wpforms-field-medium wpforms-field-required\" name=\"wpforms[fields][5]\" aria-errormessage=\"wpforms-9128-field_5-error\" required><\/div><div id=\"wpforms-9128-field_6-container\" class=\"wpforms-field wpforms-field-textarea\" data-field-id=\"6\"><label class=\"wpforms-field-label\" for=\"wpforms-9128-field_6\">Adresse <span class=\"wpforms-required-label\" aria-hidden=\"true\">*<\/span><\/label><textarea id=\"wpforms-9128-field_6\" class=\"wpforms-field-medium wpforms-field-required\" name=\"wpforms[fields][6]\" aria-errormessage=\"wpforms-9128-field_6-error\" required><\/textarea><\/div><div id=\"wpforms-9128-field_3-container\" class=\"wpforms-field wpforms-field-email\" data-field-id=\"3\"><label class=\"wpforms-field-label\" for=\"wpforms-9128-field_3\">Email <span class=\"wpforms-required-label\" aria-hidden=\"true\">*<\/span><\/label><input type=\"email\" id=\"wpforms-9128-field_3\" class=\"wpforms-field-medium wpforms-field-required\" name=\"wpforms[fields][3]\" spellcheck=\"false\" aria-errormessage=\"wpforms-9128-field_3-error\" required><\/div><div id=\"wpforms-9128-field_4-container\" class=\"wpforms-field wpforms-field-number\" data-field-id=\"4\"><label class=\"wpforms-field-label\" for=\"wpforms-9128-field_4\">Telefonnummer <span class=\"wpforms-required-label\" aria-hidden=\"true\">*<\/span><\/label><input type=\"number\" id=\"wpforms-9128-field_4\" class=\"wpforms-field-medium wpforms-field-required\" name=\"wpforms[fields][4]\" value=\"+43 666 123456\" step=\"any\" aria-errormessage=\"wpforms-9128-field_4-error\" required><\/div><\/div><!-- .wpforms-field-container --><div class=\"wpforms-recaptcha-container wpforms-is-recaptcha wpforms-is-recaptcha-type-v2\"><div class=\"g-recaptcha\" data-sitekey=\"6Lcd0YwnAAAAAA3oatbIlmBk3tEVBHMaZ0hpqeSq\"><\/div><input type=\"text\" name=\"g-recaptcha-hidden\" class=\"wpforms-recaptcha-hidden\" style=\"position:absolute!important;clip:rect(0,0,0,0)!important;height:1px!important;width:1px!important;border:0!important;overflow:hidden!important;padding:0!important;margin:0!important;\" data-rule-recaptcha=\"1\"><\/div><div class=\"wpforms-submit-container\"><input type=\"hidden\" name=\"wpforms[id]\" value=\"9128\"><input type=\"hidden\" name=\"page_title\" value=\"\"><input type=\"hidden\" name=\"page_url\" value=\"https:\/\/www.loidl-consulting.at\/en\/wp-json\/wp\/v2\/pages\/9123\"><input type=\"hidden\" name=\"url_referer\" value=\"\"><button type=\"submit\" name=\"wpforms[submit]\" id=\"wpforms-submit-9128\" class=\"wpforms-submit\" data-alt-text=\"Sending...\" data-submit-text=\"JA, ich m&#xF6;chte ein Angebot!\" aria-live=\"assertive\" value=\"wpforms-submit\">JA, ich m&#xF6;chte ein Angebot!<\/button><img decoding=\"async\" src=\"https:\/\/www.loidl-consulting.at\/wp-content\/plugins\/wpforms-lite\/assets\/images\/submit-spin.svg\" class=\"wpforms-submit-spinner\" style=\"display: none;\" width=\"26\" height=\"26\" alt=\"Loading\"\/><\/div><input type=\"hidden\" name=\"trp-form-language\" value=\"en\"\/><\/form><\/div>  <!-- .wpforms-container -->","protected":false},"excerpt":{"rendered":"<p>Fordern Sie hier Ihr Angebot f&#xFC;r Ihre individuelle <a class=\"glossaryLink\" aria-describedby=\"tt\" data-cmtooltip=\"&lt;div class=glossaryItemTitle&gt;Disaster Recovery&lt;\/div&gt;&lt;div class=glossaryItemBody&gt;&amp;lt;!-- wp:paragraph --&amp;gt;Unter Disaster Recovery (Notfallwiederherstellung) versteht man den Prozess, die Richtlinien und Verfahren zur Vorbereitung der Wiederherstellung oder Fortf&#xFC;hrung der f&#xFC;r eine Organisation wichtigen technologischen Infrastruktur nach einer nat&#xFC;rlichen oder von Menschen verursachten Katastrophe. Die Notfallwiederherstellung ist ein Teilbereich der Gesch&#xE4;ftskontinuit&#xE4;t. W&#xE4;hrend die Gesch&#xE4;ftskontinuit&#xE4;t die Planung f&#xFC;r die Aufrechterhaltung aller Aspekte eines Unternehmens inmitten von st&#xF6;renden Ereignissen beinhaltet, konzentriert sich die Wiederherstellung im Katastrophenfall auf die IT- oder Technologiesysteme, die die Gesch&#xE4;ftsfunktionen unterst&#xFC;tzen.&amp;lt;br\/&amp;gt;&amp;lt;!-- \/wp:paragraph --&amp;gt;&lt;\/div&gt;\" href=\"https:\/\/www.loidl-consulting.at\/en\/glossary\/glossar-disaster-recovery\/\" data-gt-translate-attributes='[{\"attribute\":\"data-cmtooltip\", \"format\":\"html\"}]' tabindex=\"0\" role=\"link\">Disaster Recovery<\/a> L&#xF6;sung an!<\/p>","protected":false},"author":3,"featured_media":0,"parent":0,"menu_order":0,"comment_status":"closed","ping_status":"closed","template":"","meta":{"_uag_custom_page_level_css":"","site-sidebar-layout":"default","site-content-layout":"","ast-site-content-layout":"default","site-content-style":"default","site-sidebar-style":"default","ast-global-header-display":"","ast-banner-title-visibility":"","ast-main-header-display":"","ast-hfb-above-header-display":"","ast-hfb-below-header-display":"","ast-hfb-mobile-header-display":"","site-post-title":"","ast-breadcrumbs-content":"","ast-featured-img":"","footer-sml-layout":"","theme-transparent-header-meta":"","adv-header-id-meta":"","stick-header-meta":"","header-above-stick-meta":"","header-main-stick-meta":"","header-below-stick-meta":"","astra-migrate-meta-layouts":"set","ast-page-background-enabled":"default","ast-page-background-meta":{"desktop":{"background-color":"","background-image":"","background-repeat":"repeat","background-position":"center center","background-size":"auto","background-attachment":"scroll","background-type":"","background-media":"","overlay-type":"","overlay-color":"","overlay-opacity":"","overlay-gradient":""},"tablet":{"background-color":"","background-image":"","background-repeat":"repeat","background-position":"center center","background-size":"auto","background-attachment":"scroll","background-type":"","background-media":"","overlay-type":"","overlay-color":"","overlay-opacity":"","overlay-gradient":""},"mobile":{"background-color":"","background-image":"","background-repeat":"repeat","background-position":"center center","background-size":"auto","background-attachment":"scroll","background-type":"","background-media":"","overlay-type":"","overlay-color":"","overlay-opacity":"","overlay-gradient":""}},"ast-content-background-meta":{"desktop":{"background-color":"var(--ast-global-color-5)","background-image":"","background-repeat":"repeat","background-position":"center center","background-size":"auto","background-attachment":"scroll","background-type":"","background-media":"","overlay-type":"","overlay-color":"","overlay-opacity":"","overlay-gradient":""},"tablet":{"background-color":"var(--ast-global-color-5)","background-image":"","background-repeat":"repeat","background-position":"center center","background-size":"auto","background-attachment":"scroll","background-type":"","background-media":"","overlay-type":"","overlay-color":"","overlay-opacity":"","overlay-gradient":""},"mobile":{"background-color":"var(--ast-global-color-5)","background-image":"","background-repeat":"repeat","background-position":"center center","background-size":"auto","background-attachment":"scroll","background-type":"","background-media":"","overlay-type":"","overlay-color":"","overlay-opacity":"","overlay-gradient":""}},"footnotes":""},"class_list":["post-9123","page","type-page","status-publish","hentry"],"yoast_head":"<!-- This site is optimized with the Yoast SEO plugin v24.8.1 - https:\/\/yoast.com\/wordpress\/plugins\/seo\/ -->\n<title>Disaster Recovery L\u00f6sung - Angebot - LOIDL Consulting &amp; IT Services<\/title>\n<meta name=\"description\" content=\"Disaster Recovery - unsere L\u00f6sung zur Sicherung Ihrer gesch\u00e4ftskritischen Services und Daten - Angebote f\u00fcr ....\" \/>\n<meta name=\"robots\" content=\"index, follow, max-snippet:-1, max-image-preview:large, max-video-preview:-1\" \/>\n<link rel=\"canonical\" href=\"https:\/\/www.loidl-consulting.at\/en\/disaster-recovery\/\" \/>\n<meta property=\"og:locale\" content=\"en_GB\" \/>\n<meta property=\"og:type\" content=\"article\" \/>\n<meta property=\"og:title\" content=\"Disaster Recovery L\u00f6sung - Angebot - LOIDL Consulting &amp; IT Services\" \/>\n<meta property=\"og:description\" content=\"Disaster Recovery - unsere L\u00f6sung zur Sicherung Ihrer gesch\u00e4ftskritischen Services und Daten - Angebote f\u00fcr ....\" \/>\n<meta property=\"og:url\" content=\"https:\/\/www.loidl-consulting.at\/en\/disaster-recovery\/\" \/>\n<meta property=\"og:site_name\" content=\"LOIDL Consulting &amp; IT Services\" \/>\n<meta property=\"article:modified_time\" content=\"2024-07-23T14:56:01+00:00\" \/>\n<meta property=\"og:image\" content=\"https:\/\/www.loidl-consulting.at\/wp-content\/uploads\/2023\/05\/Logo-Loidl-Consulting.png\" \/>\n<meta name=\"twitter:card\" content=\"summary_large_image\" \/>\n<meta name=\"twitter:label1\" content=\"Estimated reading time\" \/>\n\t<meta name=\"twitter:data1\" content=\"1 minute\" \/>\n<script type=\"application\/ld+json\" class=\"yoast-schema-graph\">{\"@context\":\"https:\/\/schema.org\",\"@graph\":[{\"@type\":\"WebPage\",\"@id\":\"https:\/\/www.loidl-consulting.at\/disaster-recovery\/\",\"url\":\"https:\/\/www.loidl-consulting.at\/disaster-recovery\/\",\"name\":\"Disaster Recovery L\u00f6sung - Angebot - LOIDL Consulting &amp; IT Services\",\"isPartOf\":{\"@id\":\"https:\/\/www.loidl-consulting.at\/#website\"},\"primaryImageOfPage\":{\"@id\":\"https:\/\/www.loidl-consulting.at\/disaster-recovery\/#primaryimage\"},\"image\":{\"@id\":\"https:\/\/www.loidl-consulting.at\/disaster-recovery\/#primaryimage\"},\"thumbnailUrl\":\"https:\/\/www.loidl-consulting.at\/wp-content\/uploads\/2023\/05\/Logo-Loidl-Consulting.png\",\"datePublished\":\"2024-06-12T12:10:07+00:00\",\"dateModified\":\"2024-07-23T14:56:01+00:00\",\"description\":\"Disaster Recovery - unsere L\u00f6sung zur Sicherung Ihrer gesch\u00e4ftskritischen Services und Daten - Angebote f\u00fcr ....\",\"breadcrumb\":{\"@id\":\"https:\/\/www.loidl-consulting.at\/disaster-recovery\/#breadcrumb\"},\"inLanguage\":\"en-GB\",\"potentialAction\":[{\"@type\":\"ReadAction\",\"target\":[\"https:\/\/www.loidl-consulting.at\/disaster-recovery\/\"]}]},{\"@type\":\"ImageObject\",\"inLanguage\":\"en-GB\",\"@id\":\"https:\/\/www.loidl-consulting.at\/disaster-recovery\/#primaryimage\",\"url\":\"https:\/\/www.loidl-consulting.at\/wp-content\/uploads\/2023\/05\/Logo-Loidl-Consulting.png\",\"contentUrl\":\"https:\/\/www.loidl-consulting.at\/wp-content\/uploads\/2023\/05\/Logo-Loidl-Consulting.png\"},{\"@type\":\"BreadcrumbList\",\"@id\":\"https:\/\/www.loidl-consulting.at\/disaster-recovery\/#breadcrumb\",\"itemListElement\":[{\"@type\":\"ListItem\",\"position\":1,\"name\":\"Home\",\"item\":\"https:\/\/www.loidl-consulting.at\/\"},{\"@type\":\"ListItem\",\"position\":2,\"name\":\"Disaster Recovery L\u00f6sung &#8211; Angebot\"}]},{\"@type\":\"WebSite\",\"@id\":\"https:\/\/www.loidl-consulting.at\/#website\",\"url\":\"https:\/\/www.loidl-consulting.at\/\",\"name\":\"LOIDL Consulting &amp; IT Services\",\"description\":\"IT Services- Rechenzentrum - 3CX VoIP Telefonie - Telemedizin\",\"publisher\":{\"@id\":\"https:\/\/www.loidl-consulting.at\/#organization\"},\"alternateName\":\"Loidl consulting\",\"potentialAction\":[{\"@type\":\"SearchAction\",\"target\":{\"@type\":\"EntryPoint\",\"urlTemplate\":\"https:\/\/www.loidl-consulting.at\/?s={search_term_string}\"},\"query-input\":{\"@type\":\"PropertyValueSpecification\",\"valueRequired\":true,\"valueName\":\"search_term_string\"}}],\"inLanguage\":\"en-GB\"},{\"@type\":\"Organization\",\"@id\":\"https:\/\/www.loidl-consulting.at\/#organization\",\"name\":\"LOIDL Consulting & IT Services\",\"alternateName\":\"LOIDL Consulting\",\"url\":\"https:\/\/www.loidl-consulting.at\/\",\"logo\":{\"@type\":\"ImageObject\",\"inLanguage\":\"en-GB\",\"@id\":\"https:\/\/www.loidl-consulting.at\/#\/schema\/logo\/image\/\",\"url\":\"https:\/\/www.loidl-consulting.at\/wp-content\/uploads\/2023\/05\/Logo-Loidl-Consulting.png\",\"contentUrl\":\"https:\/\/www.loidl-consulting.at\/wp-content\/uploads\/2023\/05\/Logo-Loidl-Consulting.png\",\"width\":410,\"height\":60,\"caption\":\"LOIDL Consulting & IT Services\"},\"image\":{\"@id\":\"https:\/\/www.loidl-consulting.at\/#\/schema\/logo\/image\/\"},\"sameAs\":[\"https:\/\/www.linkedin.com\/company\/loidl-consulting-it-services\/\"]}]}<\/script>\n<!-- \/ Yoast SEO plugin. -->","yoast_head_json":{"title":"Disaster Recovery L\u00f6sung - Angebot - LOIDL Consulting &amp; IT Services","description":"Disaster Recovery - unsere L\u00f6sung zur Sicherung Ihrer gesch\u00e4ftskritischen Services und Daten - Angebote f\u00fcr ....","robots":{"index":"index","follow":"follow","max-snippet":"max-snippet:-1","max-image-preview":"max-image-preview:large","max-video-preview":"max-video-preview:-1"},"canonical":"https:\/\/www.loidl-consulting.at\/en\/disaster-recovery\/","og_locale":"en_GB","og_type":"article","og_title":"Disaster Recovery L\u00f6sung - Angebot - LOIDL Consulting &amp; IT Services","og_description":"Disaster Recovery - unsere L\u00f6sung zur Sicherung Ihrer gesch\u00e4ftskritischen Services und Daten - Angebote f\u00fcr ....","og_url":"https:\/\/www.loidl-consulting.at\/en\/disaster-recovery\/","og_site_name":"LOIDL Consulting &amp; IT Services","article_modified_time":"2024-07-23T14:56:01+00:00","og_image":[{"url":"https:\/\/www.loidl-consulting.at\/wp-content\/uploads\/2023\/05\/Logo-Loidl-Consulting.png","type":"","width":"","height":""}],"twitter_card":"summary_large_image","twitter_misc":{"Estimated reading time":"1 minute"},"schema":{"@context":"https:\/\/schema.org","@graph":[{"@type":"WebPage","@id":"https:\/\/www.loidl-consulting.at\/disaster-recovery\/","url":"https:\/\/www.loidl-consulting.at\/disaster-recovery\/","name":"Disaster Recovery L\u00f6sung - Angebot - LOIDL Consulting &amp; IT Services","isPartOf":{"@id":"https:\/\/www.loidl-consulting.at\/#website"},"primaryImageOfPage":{"@id":"https:\/\/www.loidl-consulting.at\/disaster-recovery\/#primaryimage"},"image":{"@id":"https:\/\/www.loidl-consulting.at\/disaster-recovery\/#primaryimage"},"thumbnailUrl":"https:\/\/www.loidl-consulting.at\/wp-content\/uploads\/2023\/05\/Logo-Loidl-Consulting.png","datePublished":"2024-06-12T12:10:07+00:00","dateModified":"2024-07-23T14:56:01+00:00","description":"Disaster Recovery - unsere L\u00f6sung zur Sicherung Ihrer gesch\u00e4ftskritischen Services und Daten - Angebote f\u00fcr ....","breadcrumb":{"@id":"https:\/\/www.loidl-consulting.at\/disaster-recovery\/#breadcrumb"},"inLanguage":"en-GB","potentialAction":[{"@type":"ReadAction","target":["https:\/\/www.loidl-consulting.at\/disaster-recovery\/"]}]},{"@type":"ImageObject","inLanguage":"en-GB","@id":"https:\/\/www.loidl-consulting.at\/disaster-recovery\/#primaryimage","url":"https:\/\/www.loidl-consulting.at\/wp-content\/uploads\/2023\/05\/Logo-Loidl-Consulting.png","contentUrl":"https:\/\/www.loidl-consulting.at\/wp-content\/uploads\/2023\/05\/Logo-Loidl-Consulting.png"},{"@type":"BreadcrumbList","@id":"https:\/\/www.loidl-consulting.at\/disaster-recovery\/#breadcrumb","itemListElement":[{"@type":"ListItem","position":1,"name":"Home","item":"https:\/\/www.loidl-consulting.at\/"},{"@type":"ListItem","position":2,"name":"Disaster Recovery L\u00f6sung &#8211; Angebot"}]},{"@type":"WebSite","@id":"https:\/\/www.loidl-consulting.at\/#website","url":"https:\/\/www.loidl-consulting.at\/","name":"LOIDL Consulting &amp; IT Services","description":"IT Services- Rechenzentrum - 3CX VoIP Telefonie - Telemedizin","publisher":{"@id":"https:\/\/www.loidl-consulting.at\/#organization"},"alternateName":"Loidl consulting","potentialAction":[{"@type":"SearchAction","target":{"@type":"EntryPoint","urlTemplate":"https:\/\/www.loidl-consulting.at\/?s={search_term_string}"},"query-input":{"@type":"PropertyValueSpecification","valueRequired":true,"valueName":"search_term_string"}}],"inLanguage":"en-GB"},{"@type":"Organization","@id":"https:\/\/www.loidl-consulting.at\/#organization","name":"LOIDL Consulting & IT Services","alternateName":"LOIDL Consulting","url":"https:\/\/www.loidl-consulting.at\/","logo":{"@type":"ImageObject","inLanguage":"en-GB","@id":"https:\/\/www.loidl-consulting.at\/#\/schema\/logo\/image\/","url":"https:\/\/www.loidl-consulting.at\/wp-content\/uploads\/2023\/05\/Logo-Loidl-Consulting.png","contentUrl":"https:\/\/www.loidl-consulting.at\/wp-content\/uploads\/2023\/05\/Logo-Loidl-Consulting.png","width":410,"height":60,"caption":"LOIDL Consulting & IT Services"},"image":{"@id":"https:\/\/www.loidl-consulting.at\/#\/schema\/logo\/image\/"},"sameAs":["https:\/\/www.linkedin.com\/company\/loidl-consulting-it-services\/"]}]}},"uagb_featured_image_src":{"full":false,"thumbnail":false,"medium":false,"medium_large":false,"large":false,"1536x1536":false,"2048x2048":false,"trp-custom-language-flag":false,"mailpoet_newsletter_max":false},"uagb_author_info":{"display_name":"Barbara Lechner","author_link":"https:\/\/www.loidl-consulting.at\/en\/author\/barbara-lechner\/"},"uagb_comment_info":0,"uagb_excerpt":"Fordern Sie hier Ihr Angebot f&#xFC;r Ihre individuelle Disaster Recovery L&#xF6;sung an!","_links":{"self":[{"href":"https:\/\/www.loidl-consulting.at\/en\/wp-json\/wp\/v2\/pages\/9123","targetHints":{"allow":["GET"]}}],"collection":[{"href":"https:\/\/www.loidl-consulting.at\/en\/wp-json\/wp\/v2\/pages"}],"about":[{"href":"https:\/\/www.loidl-consulting.at\/en\/wp-json\/wp\/v2\/types\/page"}],"author":[{"embeddable":true,"href":"https:\/\/www.loidl-consulting.at\/en\/wp-json\/wp\/v2\/users\/3"}],"replies":[{"embeddable":true,"href":"https:\/\/www.loidl-consulting.at\/en\/wp-json\/wp\/v2\/comments?post=9123"}],"version-history":[{"count":11,"href":"https:\/\/www.loidl-consulting.at\/en\/wp-json\/wp\/v2\/pages\/9123\/revisions"}],"predecessor-version":[{"id":9462,"href":"https:\/\/www.loidl-consulting.at\/en\/wp-json\/wp\/v2\/pages\/9123\/revisions\/9462"}],"wp:attachment":[{"href":"https:\/\/www.loidl-consulting.at\/en\/wp-json\/wp\/v2\/media?parent=9123"}],"curies":[{"name":"wp","href":"https:\/\/api.w.org\/{rel}","templated":true}]}}