{"id":6014,"date":"2023-06-05T12:49:15","date_gmt":"2023-06-05T10:49:15","guid":{"rendered":"https:\/\/www.loidl-consulting.at\/nicciTest\/wordpress6\/?page_id=6014"},"modified":"2024-07-18T10:17:48","modified_gmt":"2024-07-18T08:17:48","slug":"it-produkte","status":"publish","type":"page","link":"https:\/\/www.loidl-consulting.at\/en\/it-produkte\/","title":{"rendered":"IT-Products"},"content":{"rendered":"<div data-elementor-type=\"wp-page\" data-elementor-id=\"6014\" class=\"elementor elementor-6014\" data-elementor-post-type=\"page\">\n\t\t\t\t<div class=\"elementor-element elementor-element-e74a218 e-flex e-con-boxed e-con e-parent\" data-id=\"e74a218\" data-element_type=\"container\" data-settings=\"{&quot;background_background&quot;:&quot;classic&quot;}\">\n\t\t\t\t\t<div class=\"e-con-inner\">\n\t\t<div class=\"elementor-element elementor-element-2eb7713 e-con-full e-flex e-con e-child\" data-id=\"2eb7713\" data-element_type=\"container\" data-settings=\"{&quot;background_background&quot;:&quot;classic&quot;}\">\n\t\t\t\t<div class=\"elementor-element elementor-element-02ce529 elementor-widget elementor-widget-spacer\" data-id=\"02ce529\" data-element_type=\"widget\" data-widget_type=\"spacer.default\">\n\t\t\t\t<div class=\"elementor-widget-container\">\n\t\t\t\t\t\t\t<div class=\"elementor-spacer\">\n\t\t\t<div class=\"elementor-spacer-inner\"><\/div>\n\t\t<\/div>\n\t\t\t\t\t\t<\/div>\n\t\t\t\t<\/div>\n\t\t\t\t<\/div>\n\t\t\t\t\t<\/div>\n\t\t\t\t<\/div>\n\t\t<div class=\"elementor-element elementor-element-feb017e e-flex e-con-boxed e-con e-parent\" data-id=\"feb017e\" data-element_type=\"container\">\n\t\t\t\t\t<div class=\"e-con-inner\">\n\t\t<div class=\"elementor-element elementor-element-42b1458 e-con-full e-flex e-con e-child\" data-id=\"42b1458\" data-element_type=\"container\">\n\t\t\t\t<\/div>\n\t\t<div class=\"elementor-element elementor-element-fedbc88 e-con-full e-flex e-con e-child\" data-id=\"fedbc88\" data-element_type=\"container\">\n\t\t\t\t<div class=\"elementor-element elementor-element-776e4ff elementor-widget elementor-widget-heading\" data-id=\"776e4ff\" data-element_type=\"widget\" data-widget_type=\"heading.default\">\n\t\t\t\t<div class=\"elementor-widget-container\">\n\t\t\t\t\t<h2 class=\"elementor-heading-title elementor-size-large\">Our efficient LOIDL IT products \n<\/h2>\t\t\t\t<\/div>\n\t\t\t\t<\/div>\n\t\t\t\t<div class=\"elementor-element elementor-element-2e93228 elementor-widget elementor-widget-text-editor\" data-id=\"2e93228\" data-element_type=\"widget\" data-widget_type=\"text-editor.default\">\n\t\t\t\t<div class=\"elementor-widget-container\">\n\t\t\t\t\t\t\t\t\t<p>Wir bieten eine breite Palette an IT-L\u00f6sungen (IT-Produkte) an, die in verschiedenen Branchen eingesetzt werden k\u00f6nnen. Dazu geh\u00f6ren unsere <a href=\"https:\/\/www.loidl-consulting.at\/en\/rechenzentrum\/\" target=\"_blank\" rel=\"noopener\">Rechenzentren<\/a>\u00a0oder Datacenter,\u00a0<a href=\"https:\/\/www.loidl-consulting.at\/en\/cloud-office\/\" target=\"_blank\" rel=\"noopener\">virtuelle B\u00fcros (Cloud Office)<\/a>,\u00a0<a href=\"https:\/\/www.loidl-consulting.at\/en\/softwareentwicklung\/\" target=\"_blank\" rel=\"noopener\">ma\u00dfgeschneiderte Softwareentwicklung<\/a>,\u00a0<a href=\"https:\/\/www.loidl-consulting.at\/en\/3cx-voip\/\" target=\"_blank\" rel=\"noopener\">VoIP-Telefonie mit 3CX<\/a>\u00a0und ausgew\u00e4hlte Projekte in der\u00a0<a href=\"https:\/\/www.loidl-consulting.at\/en\/telemedizin\/\" target=\"_blank\" rel=\"noopener\">Telemedicine<\/a>.<br \/>Viele dieser IT-L\u00f6sungen sind f\u00fcr Unternehmen unverzichtbar geworden, um in der modernen Welt wettbewerbsf\u00e4hig zu bleiben.<strong><br \/><br \/><a href=\"https:\/\/www.loidl-consulting.at\/en\/rechenzentrum\/\">Rechenzentren<\/a><\/strong>\u00a0bieten Unternehmen zuverl\u00e4ssige und skalierbare Rechenleistung.<br \/><br \/><strong><a href=\"https:\/\/www.loidl-consulting.at\/en\/cloud-office\/\">Virtuelle B\u00fcros<\/a> <\/strong>(Cloud Office) erm\u00f6glichen es Unternehmen, von jedem Ort aus remote und sicher zu arbeiten.<br \/><br \/>The FHIR server software is equipped with interfaces to terminology servers based on\u00a0<a href=\"https:\/\/www.loidl-consulting.at\/en\/softwareentwicklung\/\"><strong>Softwareentwicklung<\/strong> <\/a>(Application Development) hilft Organisationen, benutzerdefinierte Anwendungen zu erstellen, die ihren spezifischen Anforderungen entsprechen.<br \/><strong><br \/><a href=\"https:\/\/www.loidl-consulting.at\/en\/3cx-voip\/\">3CX VoIP-Telefonie<\/a><\/strong> erm\u00f6glicht es Unternehmen, mit Kunden kosteng\u00fcnstig \u00fcber das Internet per Sprachanruf oder Videoanruf zu kommunizieren.<br \/><br \/>Schlie\u00dflich bieten Anwendungen in der <a href=\"https:\/\/www.loidl-consulting.at\/en\/telemedizin\/\"><strong>Telemedicine<\/strong>\u00a0<\/a>Unterst\u00fctzung f\u00fcr medizinische Dienstleistungen durch digitale Netzwerke.<\/p>\t\t\t\t\t\t\t\t<\/div>\n\t\t\t\t<\/div>\n\t\t\t\t<div class=\"elementor-element elementor-element-bd17e8b elementor-widget elementor-widget-heading\" data-id=\"bd17e8b\" data-element_type=\"widget\" data-widget_type=\"heading.default\">\n\t\t\t\t<div class=\"elementor-widget-container\">\n\t\t\t\t\t<h2 class=\"elementor-heading-title elementor-size-medium\">Jedes unserer IT-Produkte hat seine eigenen Vorteile, die Unternehmen helfen k\u00f6nnen, ihre Ziele effektiver und effizienter zu erreichen:<\/h2>\t\t\t\t<\/div>\n\t\t\t\t<\/div>\n\t\t\t\t<div class=\"elementor-element elementor-element-4a75795 elementor-widget elementor-widget-image\" data-id=\"4a75795\" data-element_type=\"widget\" data-widget_type=\"image.default\">\n\t\t\t\t<div class=\"elementor-widget-container\">\n\t\t\t\t\t\t\t\t\t\t\t\t\t\t\t<img fetchpriority=\"high\" decoding=\"async\" width=\"595\" height=\"635\" src=\"https:\/\/www.loidl-consulting.at\/wp-content\/uploads\/2023\/06\/Loidl-IT-Produkte-info.png\" class=\"attachment-medium_large size-medium_large wp-image-5632\" alt=\"Unsere LOIDL IT-Produkte und IT Services: Datacenter Cloud Office VoIP Telefonie Telemedizin und Softwareentwicklung\" srcset=\"https:\/\/www.loidl-consulting.at\/wp-content\/uploads\/2023\/06\/Loidl-IT-Produkte-info.png 595w, https:\/\/www.loidl-consulting.at\/wp-content\/uploads\/2023\/06\/Loidl-IT-Produkte-info-281x300.png 281w, https:\/\/www.loidl-consulting.at\/wp-content\/uploads\/2023\/06\/Loidl-IT-Produkte-info-141x150.png 141w\" sizes=\"(max-width: 595px) 100vw, 595px\" \/>\t\t\t\t\t\t\t\t\t\t\t\t\t\t\t<\/div>\n\t\t\t\t<\/div>\n\t\t\t\t<\/div>\n\t\t<div class=\"elementor-element elementor-element-31bfff1 e-con-full e-flex e-con e-child\" data-id=\"31bfff1\" data-element_type=\"container\">\n\t\t\t\t<\/div>\n\t\t\t\t\t<\/div>\n\t\t\t\t<\/div>\n\t\t<div class=\"elementor-element elementor-element-7bfefa4 e-flex e-con-boxed e-con e-parent\" data-id=\"7bfefa4\" data-element_type=\"container\">\n\t\t\t\t\t<div class=\"e-con-inner\">\n\t\t<div class=\"elementor-element elementor-element-c457c41 e-con-full e-flex e-con e-child\" data-id=\"c457c41\" data-element_type=\"container\">\n\t\t\t\t<div class=\"elementor-element elementor-element-33934e7 elementor-widget elementor-widget-spacer\" data-id=\"33934e7\" data-element_type=\"widget\" data-widget_type=\"spacer.default\">\n\t\t\t\t<div class=\"elementor-widget-container\">\n\t\t\t\t\t\t\t<div class=\"elementor-spacer\">\n\t\t\t<div class=\"elementor-spacer-inner\"><\/div>\n\t\t<\/div>\n\t\t\t\t\t\t<\/div>\n\t\t\t\t<\/div>\n\t\t\t\t<\/div>\n\t\t\t\t\t<\/div>\n\t\t\t\t<\/div>\n\t\t<div class=\"elementor-element elementor-element-acddf78 e-flex e-con-boxed e-con e-parent\" data-id=\"acddf78\" data-element_type=\"container\">\n\t\t\t\t\t<div class=\"e-con-inner\">\n\t\t<div class=\"elementor-element elementor-element-4aa6baa e-con-full e-flex e-con e-child\" data-id=\"4aa6baa\" data-element_type=\"container\">\n\t\t\t\t<div class=\"elementor-element elementor-element-ded6e5e elementor-widget__width-initial elementor-widget-mobile__width-initial elementor-widget elementor-widget-image\" data-id=\"ded6e5e\" data-element_type=\"widget\" data-widget_type=\"image.default\">\n\t\t\t\t<div class=\"elementor-widget-container\">\n\t\t\t\t\t\t\t\t\t\t\t\t\t\t\t<img decoding=\"async\" width=\"218\" height=\"218\" src=\"https:\/\/www.loidl-consulting.at\/wp-content\/uploads\/2023\/05\/Loidl-support-tel-icon.png\" class=\"attachment-medium size-medium wp-image-5512\" alt=\"Loidl IT L\u00f6sungen: F\u00fcr IT Support, Security, monitoring, screening, Rechenzentrum, Datacenter, Cloud Office, 3CX Voip , Softwareentwicklung, VoIP Telefonie, 3cx, Telemedizin (VIVID, CAATS, KEOSITY) Application Development kontaktieren sie uns per mail oder telefonisch\" srcset=\"https:\/\/www.loidl-consulting.at\/wp-content\/uploads\/2023\/05\/Loidl-support-tel-icon.png 218w, https:\/\/www.loidl-consulting.at\/wp-content\/uploads\/2023\/05\/Loidl-support-tel-icon-150x150.png 150w\" sizes=\"(max-width: 218px) 100vw, 218px\" \/>\t\t\t\t\t\t\t\t\t\t\t\t\t\t\t<\/div>\n\t\t\t\t<\/div>\n\t\t\t\t<\/div>\n\t\t<div class=\"elementor-element elementor-element-fc81597 e-con-full e-flex e-con e-child\" data-id=\"fc81597\" data-element_type=\"container\">\n\t\t\t\t<div class=\"elementor-element elementor-element-140ed21 elementor-widget elementor-widget-spacer\" data-id=\"140ed21\" data-element_type=\"widget\" data-widget_type=\"spacer.default\">\n\t\t\t\t<div class=\"elementor-widget-container\">\n\t\t\t\t\t\t\t<div class=\"elementor-spacer\">\n\t\t\t<div class=\"elementor-spacer-inner\"><\/div>\n\t\t<\/div>\n\t\t\t\t\t\t<\/div>\n\t\t\t\t<\/div>\n\t\t\t\t<div class=\"elementor-element elementor-element-6355a09 elementor-widget elementor-widget-heading\" data-id=\"6355a09\" data-element_type=\"widget\" data-widget_type=\"heading.default\">\n\t\t\t\t<div class=\"elementor-widget-container\">\n\t\t\t\t\t<h2 class=\"elementor-heading-title elementor-size-large\">We are here for you!<\/h2>\t\t\t\t<\/div>\n\t\t\t\t<\/div>\n\t\t\t\t<div class=\"elementor-element elementor-element-7dabfce elementor-widget elementor-widget-heading\" data-id=\"7dabfce\" data-element_type=\"widget\" data-widget_type=\"heading.default\">\n\t\t\t\t<div class=\"elementor-widget-container\">\n\t\t\t\t\t<h4 class=\"elementor-heading-title elementor-size-medium\">You have a concrete IT project in mind, but don't know how to implement it?<\/h4>\t\t\t\t<\/div>\n\t\t\t\t<\/div>\n\t\t\t\t<div class=\"elementor-element elementor-element-cfaaeec elementor-widget elementor-widget-spacer\" data-id=\"cfaaeec\" data-element_type=\"widget\" data-widget_type=\"spacer.default\">\n\t\t\t\t<div class=\"elementor-widget-container\">\n\t\t\t\t\t\t\t<div class=\"elementor-spacer\">\n\t\t\t<div class=\"elementor-spacer-inner\"><\/div>\n\t\t<\/div>\n\t\t\t\t\t\t<\/div>\n\t\t\t\t<\/div>\n\t\t\t\t<div class=\"elementor-element elementor-element-df10ca7 elementor-widget elementor-widget-heading\" data-id=\"df10ca7\" data-element_type=\"widget\" data-widget_type=\"heading.default\">\n\t\t\t\t<div class=\"elementor-widget-container\">\n\t\t\t\t\t<h5 class=\"elementor-heading-title elementor-size-default\">Simply arrange a consultation with us:<\/h5>\t\t\t\t<\/div>\n\t\t\t\t<\/div>\n\t\t\t\t<div class=\"elementor-element elementor-element-301ef52 elementor-widget elementor-widget-heading\" data-id=\"301ef52\" data-element_type=\"widget\" data-widget_type=\"heading.default\">\n\t\t\t\t<div class=\"elementor-widget-container\">\n\t\t\t\t\t<h2 class=\"elementor-heading-title elementor-size-large\"><a href=\"tel:0043720270790\">+43 (0) 720 270 790<br><\/a><\/h2>\t\t\t\t<\/div>\n\t\t\t\t<\/div>\n\t\t\t\t<\/div>\n\t\t\t\t\t<\/div>\n\t\t\t\t<\/div>\n\t\t<div class=\"elementor-element elementor-element-2555a25 e-flex e-con-boxed e-con e-parent\" data-id=\"2555a25\" data-element_type=\"container\">\n\t\t\t\t\t<div class=\"e-con-inner\">\n\t\t<div class=\"elementor-element elementor-element-3884b1d e-con-full e-flex e-con e-child\" data-id=\"3884b1d\" data-element_type=\"container\">\n\t\t\t\t<div class=\"elementor-element elementor-element-c7e4079 elementor-widget elementor-widget-spacer\" data-id=\"c7e4079\" data-element_type=\"widget\" data-widget_type=\"spacer.default\">\n\t\t\t\t<div class=\"elementor-widget-container\">\n\t\t\t\t\t\t\t<div class=\"elementor-spacer\">\n\t\t\t<div class=\"elementor-spacer-inner\"><\/div>\n\t\t<\/div>\n\t\t\t\t\t\t<\/div>\n\t\t\t\t<\/div>\n\t\t\t\t<\/div>\n\t\t\t\t\t<\/div>\n\t\t\t\t<\/div>\n\t\t\t\t<\/div>","protected":false},"excerpt":{"rendered":"<p>Unsere effizienten LOIDL IT-Produkte Wir bieten eine breite Palette an IT-L\u00f6sungen (IT-Produkte) an, die in verschiedenen Branchen eingesetzt werden k\u00f6nnen. Dazu geh\u00f6ren unsere Rechenzentren\u00a0oder Datacenter,\u00a0virtuelle B\u00fcros (Cloud Office),\u00a0ma\u00dfgeschneiderte Softwareentwicklung,\u00a0VoIP-Telefonie mit 3CX\u00a0und ausgew\u00e4hlte Projekte in der\u00a0Telemedizin.Viele dieser IT-L\u00f6sungen sind f\u00fcr Unternehmen unverzichtbar geworden, um in der modernen Welt wettbewerbsf\u00e4hig zu bleiben. Rechenzentren\u00a0bieten Unternehmen zuverl\u00e4ssige und skalierbare [&hellip;]<\/p>","protected":false},"author":1,"featured_media":0,"parent":0,"menu_order":0,"comment_status":"closed","ping_status":"closed","template":"","meta":{"_uag_custom_page_level_css":"","site-sidebar-layout":"no-sidebar","site-content-layout":"page-builder","ast-site-content-layout":"full-width-container","site-content-style":"unboxed","site-sidebar-style":"unboxed","ast-global-header-display":"","ast-banner-title-visibility":"","ast-main-header-display":"","ast-hfb-above-header-display":"","ast-hfb-below-header-display":"","ast-hfb-mobile-header-display":"","site-post-title":"disabled","ast-breadcrumbs-content":"","ast-featured-img":"disabled","footer-sml-layout":"","theme-transparent-header-meta":"","adv-header-id-meta":"","stick-header-meta":"","header-above-stick-meta":"","header-main-stick-meta":"","header-below-stick-meta":"","astra-migrate-meta-layouts":"set","ast-page-background-enabled":"default","ast-page-background-meta":{"desktop":{"background-color":"","background-image":"","background-repeat":"repeat","background-position":"center center","background-size":"auto","background-attachment":"scroll","background-type":"","background-media":"","overlay-type":"","overlay-color":"","overlay-opacity":"","overlay-gradient":""},"tablet":{"background-color":"","background-image":"","background-repeat":"repeat","background-position":"center center","background-size":"auto","background-attachment":"scroll","background-type":"","background-media":"","overlay-type":"","overlay-color":"","overlay-opacity":"","overlay-gradient":""},"mobile":{"background-color":"","background-image":"","background-repeat":"repeat","background-position":"center center","background-size":"auto","background-attachment":"scroll","background-type":"","background-media":"","overlay-type":"","overlay-color":"","overlay-opacity":"","overlay-gradient":""}},"ast-content-background-meta":{"desktop":{"background-color":"var(--ast-global-color-5)","background-image":"","background-repeat":"repeat","background-position":"center center","background-size":"auto","background-attachment":"scroll","background-type":"","background-media":"","overlay-type":"","overlay-color":"","overlay-opacity":"","overlay-gradient":""},"tablet":{"background-color":"var(--ast-global-color-5)","background-image":"","background-repeat":"repeat","background-position":"center center","background-size":"auto","background-attachment":"scroll","background-type":"","background-media":"","overlay-type":"","overlay-color":"","overlay-opacity":"","overlay-gradient":""},"mobile":{"background-color":"var(--ast-global-color-5)","background-image":"","background-repeat":"repeat","background-position":"center center","background-size":"auto","background-attachment":"scroll","background-type":"","background-media":"","overlay-type":"","overlay-color":"","overlay-opacity":"","overlay-gradient":""}},"footnotes":""},"class_list":["post-6014","page","type-page","status-publish","hentry"],"yoast_head":"<!-- This site is optimized with the Yoast SEO plugin v24.8.1 - https:\/\/yoast.com\/wordpress\/plugins\/seo\/ -->\n<title>IT-Produkte - LOIDL Consulting &amp; IT Services<\/title>\n<meta name=\"description\" content=\"IT Produkte von LOIDL Consulting: unser Rechenzentrum (Datacenter), virtuelle B\u00fcros (Cloud Office), 3CX VoIP-Telefonie, Telemedizin...\" \/>\n<meta name=\"robots\" content=\"index, follow, max-snippet:-1, max-image-preview:large, max-video-preview:-1\" \/>\n<link rel=\"canonical\" href=\"https:\/\/www.loidl-consulting.at\/en\/it-produkte\/\" \/>\n<meta property=\"og:locale\" content=\"en_GB\" \/>\n<meta property=\"og:type\" content=\"article\" \/>\n<meta property=\"og:title\" content=\"IT-Produkte - LOIDL Consulting &amp; IT Services\" \/>\n<meta property=\"og:description\" content=\"IT Produkte von LOIDL Consulting: unser Rechenzentrum (Datacenter), virtuelle B\u00fcros (Cloud Office), 3CX VoIP-Telefonie, Telemedizin...\" \/>\n<meta property=\"og:url\" content=\"https:\/\/www.loidl-consulting.at\/en\/it-produkte\/\" \/>\n<meta property=\"og:site_name\" content=\"LOIDL Consulting &amp; IT Services\" \/>\n<meta property=\"article:modified_time\" content=\"2024-07-18T08:17:48+00:00\" \/>\n<meta property=\"og:image\" content=\"https:\/\/www.loidl-consulting.at\/wp-content\/uploads\/2023\/06\/Loidl-IT-Produkte-info.png\" \/>\n<meta name=\"twitter:card\" content=\"summary_large_image\" \/>\n<meta name=\"twitter:label1\" content=\"Estimated reading time\" \/>\n\t<meta name=\"twitter:data1\" content=\"2 minutes\" \/>\n<script type=\"application\/ld+json\" class=\"yoast-schema-graph\">{\"@context\":\"https:\/\/schema.org\",\"@graph\":[{\"@type\":\"WebPage\",\"@id\":\"https:\/\/www.loidl-consulting.at\/it-produkte\/\",\"url\":\"https:\/\/www.loidl-consulting.at\/it-produkte\/\",\"name\":\"IT-Produkte - LOIDL Consulting &amp; IT Services\",\"isPartOf\":{\"@id\":\"https:\/\/www.loidl-consulting.at\/#website\"},\"primaryImageOfPage\":{\"@id\":\"https:\/\/www.loidl-consulting.at\/it-produkte\/#primaryimage\"},\"image\":{\"@id\":\"https:\/\/www.loidl-consulting.at\/it-produkte\/#primaryimage\"},\"thumbnailUrl\":\"https:\/\/www.loidl-consulting.at\/wp-content\/uploads\/2023\/06\/Loidl-IT-Produkte-info.png\",\"datePublished\":\"2023-06-05T10:49:15+00:00\",\"dateModified\":\"2024-07-18T08:17:48+00:00\",\"description\":\"IT Produkte von LOIDL Consulting: unser Rechenzentrum (Datacenter), virtuelle B\u00fcros (Cloud Office), 3CX VoIP-Telefonie, Telemedizin...\",\"breadcrumb\":{\"@id\":\"https:\/\/www.loidl-consulting.at\/it-produkte\/#breadcrumb\"},\"inLanguage\":\"en-GB\",\"potentialAction\":[{\"@type\":\"ReadAction\",\"target\":[\"https:\/\/www.loidl-consulting.at\/it-produkte\/\"]}]},{\"@type\":\"ImageObject\",\"inLanguage\":\"en-GB\",\"@id\":\"https:\/\/www.loidl-consulting.at\/it-produkte\/#primaryimage\",\"url\":\"https:\/\/www.loidl-consulting.at\/wp-content\/uploads\/2023\/06\/Loidl-IT-Produkte-info.png\",\"contentUrl\":\"https:\/\/www.loidl-consulting.at\/wp-content\/uploads\/2023\/06\/Loidl-IT-Produkte-info.png\"},{\"@type\":\"BreadcrumbList\",\"@id\":\"https:\/\/www.loidl-consulting.at\/it-produkte\/#breadcrumb\",\"itemListElement\":[{\"@type\":\"ListItem\",\"position\":1,\"name\":\"Home\",\"item\":\"https:\/\/www.loidl-consulting.at\/\"},{\"@type\":\"ListItem\",\"position\":2,\"name\":\"IT-Produkte\"}]},{\"@type\":\"WebSite\",\"@id\":\"https:\/\/www.loidl-consulting.at\/#website\",\"url\":\"https:\/\/www.loidl-consulting.at\/\",\"name\":\"LOIDL Consulting &amp; IT Services\",\"description\":\"IT Services- Rechenzentrum - 3CX VoIP Telefonie - Telemedizin\",\"publisher\":{\"@id\":\"https:\/\/www.loidl-consulting.at\/#organization\"},\"alternateName\":\"Loidl consulting\",\"potentialAction\":[{\"@type\":\"SearchAction\",\"target\":{\"@type\":\"EntryPoint\",\"urlTemplate\":\"https:\/\/www.loidl-consulting.at\/?s={search_term_string}\"},\"query-input\":{\"@type\":\"PropertyValueSpecification\",\"valueRequired\":true,\"valueName\":\"search_term_string\"}}],\"inLanguage\":\"en-GB\"},{\"@type\":\"Organization\",\"@id\":\"https:\/\/www.loidl-consulting.at\/#organization\",\"name\":\"LOIDL Consulting & IT Services\",\"alternateName\":\"LOIDL Consulting\",\"url\":\"https:\/\/www.loidl-consulting.at\/\",\"logo\":{\"@type\":\"ImageObject\",\"inLanguage\":\"en-GB\",\"@id\":\"https:\/\/www.loidl-consulting.at\/#\/schema\/logo\/image\/\",\"url\":\"https:\/\/www.loidl-consulting.at\/wp-content\/uploads\/2023\/05\/Logo-Loidl-Consulting.png\",\"contentUrl\":\"https:\/\/www.loidl-consulting.at\/wp-content\/uploads\/2023\/05\/Logo-Loidl-Consulting.png\",\"width\":410,\"height\":60,\"caption\":\"LOIDL Consulting & IT Services\"},\"image\":{\"@id\":\"https:\/\/www.loidl-consulting.at\/#\/schema\/logo\/image\/\"},\"sameAs\":[\"https:\/\/www.linkedin.com\/company\/loidl-consulting-it-services\/\"]}]}<\/script>\n<!-- \/ Yoast SEO plugin. -->","yoast_head_json":{"title":"IT-Produkte - LOIDL Consulting &amp; IT Services","description":"IT Produkte von LOIDL Consulting: unser Rechenzentrum (Datacenter), virtuelle B\u00fcros (Cloud Office), 3CX VoIP-Telefonie, Telemedizin...","robots":{"index":"index","follow":"follow","max-snippet":"max-snippet:-1","max-image-preview":"max-image-preview:large","max-video-preview":"max-video-preview:-1"},"canonical":"https:\/\/www.loidl-consulting.at\/en\/it-produkte\/","og_locale":"en_GB","og_type":"article","og_title":"IT-Produkte - LOIDL Consulting &amp; IT Services","og_description":"IT Produkte von LOIDL Consulting: unser Rechenzentrum (Datacenter), virtuelle B\u00fcros (Cloud Office), 3CX VoIP-Telefonie, Telemedizin...","og_url":"https:\/\/www.loidl-consulting.at\/en\/it-produkte\/","og_site_name":"LOIDL Consulting &amp; IT Services","article_modified_time":"2024-07-18T08:17:48+00:00","og_image":[{"url":"https:\/\/www.loidl-consulting.at\/wp-content\/uploads\/2023\/06\/Loidl-IT-Produkte-info.png","type":"","width":"","height":""}],"twitter_card":"summary_large_image","twitter_misc":{"Estimated reading time":"2 minutes"},"schema":{"@context":"https:\/\/schema.org","@graph":[{"@type":"WebPage","@id":"https:\/\/www.loidl-consulting.at\/it-produkte\/","url":"https:\/\/www.loidl-consulting.at\/it-produkte\/","name":"IT-Produkte - LOIDL Consulting &amp; IT Services","isPartOf":{"@id":"https:\/\/www.loidl-consulting.at\/#website"},"primaryImageOfPage":{"@id":"https:\/\/www.loidl-consulting.at\/it-produkte\/#primaryimage"},"image":{"@id":"https:\/\/www.loidl-consulting.at\/it-produkte\/#primaryimage"},"thumbnailUrl":"https:\/\/www.loidl-consulting.at\/wp-content\/uploads\/2023\/06\/Loidl-IT-Produkte-info.png","datePublished":"2023-06-05T10:49:15+00:00","dateModified":"2024-07-18T08:17:48+00:00","description":"IT Produkte von LOIDL Consulting: unser Rechenzentrum (Datacenter), virtuelle B\u00fcros (Cloud Office), 3CX VoIP-Telefonie, Telemedizin...","breadcrumb":{"@id":"https:\/\/www.loidl-consulting.at\/it-produkte\/#breadcrumb"},"inLanguage":"en-GB","potentialAction":[{"@type":"ReadAction","target":["https:\/\/www.loidl-consulting.at\/it-produkte\/"]}]},{"@type":"ImageObject","inLanguage":"en-GB","@id":"https:\/\/www.loidl-consulting.at\/it-produkte\/#primaryimage","url":"https:\/\/www.loidl-consulting.at\/wp-content\/uploads\/2023\/06\/Loidl-IT-Produkte-info.png","contentUrl":"https:\/\/www.loidl-consulting.at\/wp-content\/uploads\/2023\/06\/Loidl-IT-Produkte-info.png"},{"@type":"BreadcrumbList","@id":"https:\/\/www.loidl-consulting.at\/it-produkte\/#breadcrumb","itemListElement":[{"@type":"ListItem","position":1,"name":"Home","item":"https:\/\/www.loidl-consulting.at\/"},{"@type":"ListItem","position":2,"name":"IT-Produkte"}]},{"@type":"WebSite","@id":"https:\/\/www.loidl-consulting.at\/#website","url":"https:\/\/www.loidl-consulting.at\/","name":"LOIDL Consulting &amp; IT Services","description":"IT Services- Rechenzentrum - 3CX VoIP Telefonie - Telemedizin","publisher":{"@id":"https:\/\/www.loidl-consulting.at\/#organization"},"alternateName":"Loidl consulting","potentialAction":[{"@type":"SearchAction","target":{"@type":"EntryPoint","urlTemplate":"https:\/\/www.loidl-consulting.at\/?s={search_term_string}"},"query-input":{"@type":"PropertyValueSpecification","valueRequired":true,"valueName":"search_term_string"}}],"inLanguage":"en-GB"},{"@type":"Organization","@id":"https:\/\/www.loidl-consulting.at\/#organization","name":"LOIDL Consulting & IT Services","alternateName":"LOIDL Consulting","url":"https:\/\/www.loidl-consulting.at\/","logo":{"@type":"ImageObject","inLanguage":"en-GB","@id":"https:\/\/www.loidl-consulting.at\/#\/schema\/logo\/image\/","url":"https:\/\/www.loidl-consulting.at\/wp-content\/uploads\/2023\/05\/Logo-Loidl-Consulting.png","contentUrl":"https:\/\/www.loidl-consulting.at\/wp-content\/uploads\/2023\/05\/Logo-Loidl-Consulting.png","width":410,"height":60,"caption":"LOIDL Consulting & IT Services"},"image":{"@id":"https:\/\/www.loidl-consulting.at\/#\/schema\/logo\/image\/"},"sameAs":["https:\/\/www.linkedin.com\/company\/loidl-consulting-it-services\/"]}]}},"uagb_featured_image_src":{"full":false,"thumbnail":false,"medium":false,"medium_large":false,"large":false,"1536x1536":false,"2048x2048":false,"trp-custom-language-flag":false,"mailpoet_newsletter_max":false},"uagb_author_info":{"display_name":"admin","author_link":"https:\/\/www.loidl-consulting.at\/en\/author\/admin\/"},"uagb_comment_info":0,"uagb_excerpt":"Unsere effizienten LOIDL IT-Produkte Wir bieten eine breite Palette an IT-L\u00f6sungen (IT-Produkte) an, die in verschiedenen Branchen eingesetzt werden k\u00f6nnen. Dazu geh\u00f6ren unsere Rechenzentren\u00a0oder Datacenter,\u00a0virtuelle B\u00fcros (Cloud Office),\u00a0ma\u00dfgeschneiderte Softwareentwicklung,\u00a0VoIP-Telefonie mit 3CX\u00a0und ausgew\u00e4hlte Projekte in der\u00a0Telemedizin.Viele dieser IT-L\u00f6sungen sind f\u00fcr Unternehmen unverzichtbar geworden, um in der modernen Welt wettbewerbsf\u00e4hig zu bleiben. Rechenzentren\u00a0bieten Unternehmen zuverl\u00e4ssige und skalierbare&hellip;","_links":{"self":[{"href":"https:\/\/www.loidl-consulting.at\/en\/wp-json\/wp\/v2\/pages\/6014","targetHints":{"allow":["GET"]}}],"collection":[{"href":"https:\/\/www.loidl-consulting.at\/en\/wp-json\/wp\/v2\/pages"}],"about":[{"href":"https:\/\/www.loidl-consulting.at\/en\/wp-json\/wp\/v2\/types\/page"}],"author":[{"embeddable":true,"href":"https:\/\/www.loidl-consulting.at\/en\/wp-json\/wp\/v2\/users\/1"}],"replies":[{"embeddable":true,"href":"https:\/\/www.loidl-consulting.at\/en\/wp-json\/wp\/v2\/comments?post=6014"}],"version-history":[{"count":101,"href":"https:\/\/www.loidl-consulting.at\/en\/wp-json\/wp\/v2\/pages\/6014\/revisions"}],"predecessor-version":[{"id":9852,"href":"https:\/\/www.loidl-consulting.at\/en\/wp-json\/wp\/v2\/pages\/6014\/revisions\/9852"}],"wp:attachment":[{"href":"https:\/\/www.loidl-consulting.at\/en\/wp-json\/wp\/v2\/media?parent=6014"}],"curies":[{"name":"wp","href":"https:\/\/api.w.org\/{rel}","templated":true}]}}