{"id":5911,"date":"2023-06-05T10:33:35","date_gmt":"2023-06-05T08:33:35","guid":{"rendered":"https:\/\/www.loidl-consulting.at\/nicciTest\/wordpress6\/?page_id=5911"},"modified":"2025-12-12T12:26:08","modified_gmt":"2025-12-12T11:26:08","slug":"it-dienstleister","status":"publish","type":"page","link":"https:\/\/www.loidl-consulting.at\/en\/it-dienstleister\/","title":{"rendered":"About us"},"content":{"rendered":"<h2>IT-Dienstleister seit &#xFC;ber 30 Jahren!<br>\nLOIDL Consulting &#x2013; wir bieten IT-L&#xF6;sungen f&#xFC;r jeden Bedarf<\/h2>\n<p>LOIDL Consulting &#x2013; IHR IT-Dienstleister ist Ihr One-Stop-Shop f&#xFC;r alle Ihre IT-Anforderungen. Unser Expertenteam ist auf die Bereitstellung umfassender IT-Dienstleistungen spezialisiert, vom eigenen <a href=\"https:\/\/www.loidl-consulting.at\/en\/rechenzentrum\/\" target=\"_blank\" rel=\"noopener\">Rechenzentrum<\/a>&#xA0;&#xFC;ber&#xA0;<a href=\"https:\/\/www.loidl-consulting.at\/en\/cloud-office\/\" target=\"_blank\" rel=\"noopener\">virtuelles <\/a><a class=\"glossaryLink\" aria-describedby=\"tt\" data-cmtooltip=\"&lt;div class=glossaryItemTitle&gt;Hosting&lt;\/div&gt;&lt;div class=glossaryItemBody&gt;&amp;lt;!-- wp:paragraph --&amp;gt;Das Hosting beschreibt die Bereitstellung von IT-Infrastruktur-Services oder von Web-Services aus einem&#xA0;Rechenzentrum.&amp;lt;br\/&amp;gt;&amp;lt;!-- \/wp:paragraph --&amp;gt;&lt;\/div&gt;\" href=\"https:\/\/www.loidl-consulting.at\/en\/glossary\/hosting\/\" data-gt-translate-attributes='[{\"attribute\":\"data-cmtooltip\", \"format\":\"html\"}]' tabindex=\"0\" role=\"link\">Hosting<\/a> Ihres B&#xFC;ros&#xA0;bis hin zu&#xA0;<a href=\"https:\/\/www.loidl-consulting.at\/en\/3cx-voip\/\" target=\"_blank\" rel=\"noopener\">VoiceIP<\/a>&#xA0;&#x2013; wir garantieren Ihnen eine zuverl&#xE4;ssige und sichere L&#xF6;sung. Auch wenn es um die Optimierung Ihrer Netzwerkinfrastruktur oder&#xA0;<a href=\"https:\/\/www.loidl-consulting.at\/en\/softwareentwicklung\/\" target=\"_blank\" rel=\"noopener\">individuelle Software-Entwicklungen<\/a>&#xA0;geht, kann Sie unser Expertenteam bestm&#xF6;glich beraten.<\/p>\n<p><strong>Wir sind Ihr kompetenter Partner f&#xFC;r die Herausforderungen einer modernen und sicheren <a class=\"glossaryLink\" aria-describedby=\"tt\" data-cmtooltip=\"&lt;div class=glossaryItemTitle&gt;IT-Infrastruktur&lt;\/div&gt;&lt;div class=glossaryItemBody&gt;&amp;lt;!-- wp:paragraph --&amp;gt;Als IT-Infrastruktur bezeichnet man alle materiellen und immateriellen G&#xFC;ter, die den Betrieb von Endger&#xE4;ten, Servern, Datenbanken, Applikationen und anderen IT-Komponenten erm&#xF6;glichen. Allerdings ist eine begriffliche und strukturelle Standardisierung von &amp;quot;IT-Infrastruktur&amp;quot; nicht gegeben, da sich viele der Inhalte &#xFC;berschneiden und miteinander vermengen.&amp;lt;br\/&amp;gt;&amp;lt;!-- \/wp:paragraph --&amp;gt;&lt;\/div&gt;\" href=\"https:\/\/www.loidl-consulting.at\/en\/glossary\/it-infrastruktur\/\" data-gt-translate-attributes='[{\"attribute\":\"data-cmtooltip\", \"format\":\"html\"}]' tabindex=\"0\" role=\"link\">IT infrastructure<\/a> und digitaler Transformation mittelgro&#xDF;er und gro&#xDF;er Unternehmen.<\/strong><\/p>\n<h5>\n<h5 data-elementor-setting-key=\"title\" data-pen-placeholder=\"Type Here...\" style=\"font-style: normal;\">Vertrauen Sie unserer 30-j&#xE4;hrigen Expertise<\/h5>\n<\/h5>\n<ul>\n<li>Professional IT consulting<\/li>\n<li>Competent Team<\/li>\n<li>Quick Support<\/li>\n<li>Effiziente L&#xF6;sungen mit modernen Tools<\/li>\n<\/ul>\n<h5>Wir sind Ihr zuverl&#xE4;ssiger, externer Partner f&#xFC;r Ihr IT-Team<br>\n<\/h5>\n<p>Das Anliegen bei LOIDL&#xA0;Consulting ist es, Ihre derzeitige IT-Betreuung als externe Berater bestm&#xF6;glich zu unterst&#xFC;tzen, zu entlasten und ma&#xDF;geschneiderte L&#xF6;sungen zu bieten. Holen Sie sich doch einfach eine zweite Meinung ein, bevor Sie wichtige finanzielle und strategische Schritte in Bezug auf Ihre <a class=\"glossaryLink\" aria-describedby=\"tt\" data-cmtooltip=\"&lt;div class=glossaryItemTitle&gt;IT-Infrastruktur&lt;\/div&gt;&lt;div class=glossaryItemBody&gt;&amp;lt;!-- wp:paragraph --&amp;gt;Als IT-Infrastruktur bezeichnet man alle materiellen und immateriellen G&#xFC;ter, die den Betrieb von Endger&#xE4;ten, Servern, Datenbanken, Applikationen und anderen IT-Komponenten erm&#xF6;glichen. Allerdings ist eine begriffliche und strukturelle Standardisierung von &amp;quot;IT-Infrastruktur&amp;quot; nicht gegeben, da sich viele der Inhalte &#xFC;berschneiden und miteinander vermengen.&amp;lt;br\/&amp;gt;&amp;lt;!-- \/wp:paragraph --&amp;gt;&lt;\/div&gt;\" href=\"https:\/\/www.loidl-consulting.at\/en\/glossary\/it-infrastruktur\/\" data-gt-translate-attributes='[{\"attribute\":\"data-cmtooltip\", \"format\":\"html\"}]' tabindex=\"0\" role=\"link\">IT infrastructure<\/a> setzen. Wir beraten Sie gerne, damit Ihr Unternehmen auch in Zukunft sicher, produktiv, effizient und profitabel bleibt.<\/p>\n<h5>Your company does not have an internal IT team? <\/h5>\n<p>Kein Problem! Profitieren Sie durch unsere Expertise als externer Partner, ohne neues Personal einstellen zu m&#xFC;ssen. Sie haben Zugang zu unserem spezialisierten Team, unserer jahrelangen Expertise und tausenden Stunden an praktischer Erfahrung mit dem Umgang t&#xE4;glicher Herausforderungen mittelgro&#xDF;er und gro&#xDF;er Unternehmen.<\/p>\n<h5>&#xDC;bersicht unserer bew&#xE4;hrten IT-Leistungen und IT-Produkte<\/h5>\n<p>\t\t\t\t\t\t\t\t\t\t\t\t\t<img fetchpriority=\"high\" decoding=\"async\" width=\"595\" height=\"635\" src=\"https:\/\/www.loidl-consulting.at\/wp-content\/uploads\/2023\/06\/Loidl-IT-Consulting-info.png\" alt=\"Loidl IT Service: IT Support, Rechenzentrum \/ Datacenter, Cloud Office, IT Security, Monitoring, Backup, Telemedizin und Telecare, VoIP Telefonie, Softwareentwicklung\" srcset=\"https:\/\/www.loidl-consulting.at\/wp-content\/uploads\/2023\/06\/Loidl-IT-Consulting-info.png 595w, https:\/\/www.loidl-consulting.at\/wp-content\/uploads\/2023\/06\/Loidl-IT-Consulting-info-281x300.png 281w, https:\/\/www.loidl-consulting.at\/wp-content\/uploads\/2023\/06\/Loidl-IT-Consulting-info-141x150.png 141w\" sizes=\"(max-width: 595px) 100vw, 595px\"\/>\t\t\t\t\t\t\t\t\t\t\t\t\t<\/p>\n<h2>Warum Sie sich 100% auf Loidl Consulting als IT-Dienstleister verlassen k&#xF6;nnen: <\/h2>\n<p class=\"translation-block\">We solve IT problems faster and also more accurately due to our high level of communication and technical competence. During our 30 years of activity, we have also been able to build up a large network to ensure that we can successfully solve problems of all kinds.<br>\nIt is a great concern for us to build up a decades-long cooperation with our customers.Therefore, it is a matter of course for us to offer you the best possible IT support.<\/p>\n<h5>What is your advantage when you work in cooperation with Loidl Consulting?<br>\n<\/h5>\n<ul>\n<li>faster implementation of your IT project<\/li>\n<li>Maximum security for your IT processes<\/li>\n<li>erh&#xF6;hte Produktivit&#xE4;t Ihres Unternehmens<\/li>\n<li>potentielle Kosteneinsparung durch SLAs und unser&#xA0;<a href=\"https:\/\/www.loidl-consulting.at\/en\/full-service\/\"><b>Full<\/b><b>-Service &#x201E;Sorglos Paket&#x201C;<\/b><\/a><\/li>\n<li>Quick and competent IT support<\/li>\n<\/ul>\n<p>\t\t\t\t\t\t\t\t\t\t\t\t\t<img decoding=\"async\" width=\"218\" height=\"218\" src=\"https:\/\/www.loidl-consulting.at\/wp-content\/uploads\/2023\/05\/Loidl-support-tel-icon.png\" alt=\"Loidl IT L&#xF6;sungen: F&#xFC;r IT Support, Security, monitoring, screening, Rechenzentrum, Datacenter, Cloud Office, 3CX Voip , Softwareentwicklung, VoIP Telefonie, 3cx, Telemedizin (VIVID, CAATS, KEOSITY) Application Development kontaktieren sie uns per mail oder telefonisch\" srcset=\"https:\/\/www.loidl-consulting.at\/wp-content\/uploads\/2023\/05\/Loidl-support-tel-icon.png 218w, https:\/\/www.loidl-consulting.at\/wp-content\/uploads\/2023\/05\/Loidl-support-tel-icon-150x150.png 150w\" sizes=\"(max-width: 218px) 100vw, 218px\"\/>\t\t\t\t\t\t\t\t\t\t\t\t\t<\/p>\n<h2>Wir sind f&#xFC;r Sie da!<\/h2>\n<h4>We would be happy to discuss your IT concerns with you.<\/h4>\n<h5>Vereinbaren Sie doch einfach ein Beratungsgespr&#xE4;ch mit uns:<\/h5>\n<h2>+43 (0) 720 270 790<\/h2>","protected":false},"excerpt":{"rendered":"<p>IT-Dienstleister seit &#xFC;ber 30 Jahren! LOIDL Consulting &#x2013; wir bieten IT-L&#xF6;sungen f&#xFC;r jeden Bedarf LOIDL Consulting &#x2013; IHR IT-Dienstleister ist Ihr One-Stop-Shop f&#xFC;r alle Ihre IT-Anforderungen. Unser Expertenteam ist auf die Bereitstellung umfassender IT-Dienstleistungen spezialisiert, vom eigenen Rechenzentrum&#xA0;&#xFC;ber&#xA0;virtuelles <a class=\"glossaryLink\" aria-describedby=\"tt\" data-cmtooltip=\"&lt;div class=glossaryItemTitle&gt;Hosting&lt;\/div&gt;&lt;div class=glossaryItemBody&gt;&amp;lt;!-- wp:paragraph --&amp;gt;Das Hosting beschreibt die Bereitstellung von IT-Infrastruktur-Services oder von Web-Services aus einem&#xA0;Rechenzentrum.&amp;lt;br\/&amp;gt;&amp;lt;!-- \/wp:paragraph --&amp;gt;&lt;\/div&gt;\" href=\"https:\/\/www.loidl-consulting.at\/en\/glossary\/hosting\/\" data-gt-translate-attributes='[{\"attribute\":\"data-cmtooltip\", \"format\":\"html\"}]' tabindex=\"0\" role=\"link\">Hosting<\/a> Ihres B&#xFC;ros&#xA0;bis hin zu&#xA0;VoiceIP&#xA0;&#x2013; wir garantieren Ihnen eine zuverl&#xE4;ssige und sichere L&#xF6;sung. Auch wenn es um [&#x2026;]<\/p>","protected":false},"author":1,"featured_media":0,"parent":0,"menu_order":0,"comment_status":"closed","ping_status":"closed","template":"","meta":{"_uag_custom_page_level_css":"","site-sidebar-layout":"no-sidebar","site-content-layout":"page-builder","ast-site-content-layout":"full-width-container","site-content-style":"unboxed","site-sidebar-style":"unboxed","ast-global-header-display":"","ast-banner-title-visibility":"","ast-main-header-display":"","ast-hfb-above-header-display":"","ast-hfb-below-header-display":"","ast-hfb-mobile-header-display":"","site-post-title":"disabled","ast-breadcrumbs-content":"","ast-featured-img":"disabled","footer-sml-layout":"","theme-transparent-header-meta":"","adv-header-id-meta":"","stick-header-meta":"","header-above-stick-meta":"","header-main-stick-meta":"","header-below-stick-meta":"","astra-migrate-meta-layouts":"set","ast-page-background-enabled":"default","ast-page-background-meta":{"desktop":{"background-color":"","background-image":"","background-repeat":"repeat","background-position":"center center","background-size":"auto","background-attachment":"scroll","background-type":"","background-media":"","overlay-type":"","overlay-color":"","overlay-opacity":"","overlay-gradient":""},"tablet":{"background-color":"","background-image":"","background-repeat":"repeat","background-position":"center center","background-size":"auto","background-attachment":"scroll","background-type":"","background-media":"","overlay-type":"","overlay-color":"","overlay-opacity":"","overlay-gradient":""},"mobile":{"background-color":"","background-image":"","background-repeat":"repeat","background-position":"center center","background-size":"auto","background-attachment":"scroll","background-type":"","background-media":"","overlay-type":"","overlay-color":"","overlay-opacity":"","overlay-gradient":""}},"ast-content-background-meta":{"desktop":{"background-color":"var(--ast-global-color-5)","background-image":"","background-repeat":"repeat","background-position":"center center","background-size":"auto","background-attachment":"scroll","background-type":"","background-media":"","overlay-type":"","overlay-color":"","overlay-opacity":"","overlay-gradient":""},"tablet":{"background-color":"var(--ast-global-color-5)","background-image":"","background-repeat":"repeat","background-position":"center center","background-size":"auto","background-attachment":"scroll","background-type":"","background-media":"","overlay-type":"","overlay-color":"","overlay-opacity":"","overlay-gradient":""},"mobile":{"background-color":"var(--ast-global-color-5)","background-image":"","background-repeat":"repeat","background-position":"center center","background-size":"auto","background-attachment":"scroll","background-type":"","background-media":"","overlay-type":"","overlay-color":"","overlay-opacity":"","overlay-gradient":""}},"footnotes":""},"class_list":["post-5911","page","type-page","status-publish","hentry"],"yoast_head":"<!-- This site is optimized with the Yoast SEO plugin v24.8.1 - https:\/\/yoast.com\/wordpress\/plugins\/seo\/ -->\n<title>IT-Dienstleister seit 30 Jahren - LOIDL Consulting &amp; IT Services<\/title>\n<meta name=\"description\" content=\"IT-Dienstleister LOIDL Consulting \u2013 IT-L\u00f6sungen f\u00fcr jeden Bedarf - seit 30 Jahren professionelle, kompetente Betreuung und effiziente L\u00f6sungen\" \/>\n<meta name=\"robots\" content=\"index, follow, max-snippet:-1, max-image-preview:large, max-video-preview:-1\" \/>\n<link rel=\"canonical\" href=\"https:\/\/www.loidl-consulting.at\/en\/it-dienstleister\/\" \/>\n<meta property=\"og:locale\" content=\"en_GB\" \/>\n<meta property=\"og:type\" content=\"article\" \/>\n<meta property=\"og:title\" content=\"IT-Dienstleister seit 30 Jahren - LOIDL Consulting &amp; IT Services\" \/>\n<meta property=\"og:description\" content=\"IT-Dienstleister LOIDL Consulting \u2013 IT-L\u00f6sungen f\u00fcr jeden Bedarf - seit 30 Jahren professionelle, kompetente Betreuung und effiziente L\u00f6sungen\" \/>\n<meta property=\"og:url\" content=\"https:\/\/www.loidl-consulting.at\/en\/it-dienstleister\/\" \/>\n<meta property=\"og:site_name\" content=\"LOIDL Consulting &amp; IT Services\" \/>\n<meta property=\"article:modified_time\" content=\"2025-12-12T11:26:08+00:00\" \/>\n<meta property=\"og:image\" content=\"https:\/\/www.loidl-consulting.at\/wp-content\/uploads\/2023\/06\/Loidl-IT-Consulting-info.png\" \/>\n<meta name=\"twitter:card\" content=\"summary_large_image\" \/>\n<meta name=\"twitter:label1\" content=\"Estimated reading time\" \/>\n\t<meta name=\"twitter:data1\" content=\"3 minutes\" \/>\n<script type=\"application\/ld+json\" class=\"yoast-schema-graph\">{\"@context\":\"https:\/\/schema.org\",\"@graph\":[{\"@type\":\"WebPage\",\"@id\":\"https:\/\/www.loidl-consulting.at\/it-dienstleister\/\",\"url\":\"https:\/\/www.loidl-consulting.at\/it-dienstleister\/\",\"name\":\"IT-Dienstleister seit 30 Jahren - LOIDL Consulting &amp; IT Services\",\"isPartOf\":{\"@id\":\"https:\/\/www.loidl-consulting.at\/#website\"},\"primaryImageOfPage\":{\"@id\":\"https:\/\/www.loidl-consulting.at\/it-dienstleister\/#primaryimage\"},\"image\":{\"@id\":\"https:\/\/www.loidl-consulting.at\/it-dienstleister\/#primaryimage\"},\"thumbnailUrl\":\"https:\/\/www.loidl-consulting.at\/wp-content\/uploads\/2023\/06\/Loidl-IT-Consulting-info.png\",\"datePublished\":\"2023-06-05T08:33:35+00:00\",\"dateModified\":\"2025-12-12T11:26:08+00:00\",\"description\":\"IT-Dienstleister LOIDL Consulting \u2013 IT-L\u00f6sungen f\u00fcr jeden Bedarf - seit 30 Jahren professionelle, kompetente Betreuung und effiziente L\u00f6sungen\",\"breadcrumb\":{\"@id\":\"https:\/\/www.loidl-consulting.at\/it-dienstleister\/#breadcrumb\"},\"inLanguage\":\"en-GB\",\"potentialAction\":[{\"@type\":\"ReadAction\",\"target\":[\"https:\/\/www.loidl-consulting.at\/it-dienstleister\/\"]}]},{\"@type\":\"ImageObject\",\"inLanguage\":\"en-GB\",\"@id\":\"https:\/\/www.loidl-consulting.at\/it-dienstleister\/#primaryimage\",\"url\":\"https:\/\/www.loidl-consulting.at\/wp-content\/uploads\/2023\/06\/Loidl-IT-Consulting-info.png\",\"contentUrl\":\"https:\/\/www.loidl-consulting.at\/wp-content\/uploads\/2023\/06\/Loidl-IT-Consulting-info.png\"},{\"@type\":\"BreadcrumbList\",\"@id\":\"https:\/\/www.loidl-consulting.at\/it-dienstleister\/#breadcrumb\",\"itemListElement\":[{\"@type\":\"ListItem\",\"position\":1,\"name\":\"Home\",\"item\":\"https:\/\/www.loidl-consulting.at\/\"},{\"@type\":\"ListItem\",\"position\":2,\"name\":\"\u00dcber uns\"}]},{\"@type\":\"WebSite\",\"@id\":\"https:\/\/www.loidl-consulting.at\/#website\",\"url\":\"https:\/\/www.loidl-consulting.at\/\",\"name\":\"LOIDL Consulting &amp; IT Services\",\"description\":\"IT Services- Rechenzentrum - 3CX VoIP Telefonie - Telemedizin\",\"publisher\":{\"@id\":\"https:\/\/www.loidl-consulting.at\/#organization\"},\"alternateName\":\"Loidl consulting\",\"potentialAction\":[{\"@type\":\"SearchAction\",\"target\":{\"@type\":\"EntryPoint\",\"urlTemplate\":\"https:\/\/www.loidl-consulting.at\/?s={search_term_string}\"},\"query-input\":{\"@type\":\"PropertyValueSpecification\",\"valueRequired\":true,\"valueName\":\"search_term_string\"}}],\"inLanguage\":\"en-GB\"},{\"@type\":\"Organization\",\"@id\":\"https:\/\/www.loidl-consulting.at\/#organization\",\"name\":\"LOIDL Consulting & IT Services\",\"alternateName\":\"LOIDL Consulting\",\"url\":\"https:\/\/www.loidl-consulting.at\/\",\"logo\":{\"@type\":\"ImageObject\",\"inLanguage\":\"en-GB\",\"@id\":\"https:\/\/www.loidl-consulting.at\/#\/schema\/logo\/image\/\",\"url\":\"https:\/\/www.loidl-consulting.at\/wp-content\/uploads\/2023\/05\/Logo-Loidl-Consulting.png\",\"contentUrl\":\"https:\/\/www.loidl-consulting.at\/wp-content\/uploads\/2023\/05\/Logo-Loidl-Consulting.png\",\"width\":410,\"height\":60,\"caption\":\"LOIDL Consulting & IT Services\"},\"image\":{\"@id\":\"https:\/\/www.loidl-consulting.at\/#\/schema\/logo\/image\/\"},\"sameAs\":[\"https:\/\/www.linkedin.com\/company\/loidl-consulting-it-services\/\"]}]}<\/script>\n<!-- \/ Yoast SEO plugin. -->","yoast_head_json":{"title":"IT-Dienstleister seit 30 Jahren - LOIDL Consulting &amp; IT Services","description":"IT-Dienstleister LOIDL Consulting \u2013 IT-L\u00f6sungen f\u00fcr jeden Bedarf - seit 30 Jahren professionelle, kompetente Betreuung und effiziente L\u00f6sungen","robots":{"index":"index","follow":"follow","max-snippet":"max-snippet:-1","max-image-preview":"max-image-preview:large","max-video-preview":"max-video-preview:-1"},"canonical":"https:\/\/www.loidl-consulting.at\/en\/it-dienstleister\/","og_locale":"en_GB","og_type":"article","og_title":"IT-Dienstleister seit 30 Jahren - LOIDL Consulting &amp; IT Services","og_description":"IT-Dienstleister LOIDL Consulting \u2013 IT-L\u00f6sungen f\u00fcr jeden Bedarf - seit 30 Jahren professionelle, kompetente Betreuung und effiziente L\u00f6sungen","og_url":"https:\/\/www.loidl-consulting.at\/en\/it-dienstleister\/","og_site_name":"LOIDL Consulting &amp; IT Services","article_modified_time":"2025-12-12T11:26:08+00:00","og_image":[{"url":"https:\/\/www.loidl-consulting.at\/wp-content\/uploads\/2023\/06\/Loidl-IT-Consulting-info.png","type":"","width":"","height":""}],"twitter_card":"summary_large_image","twitter_misc":{"Estimated reading time":"3 minutes"},"schema":{"@context":"https:\/\/schema.org","@graph":[{"@type":"WebPage","@id":"https:\/\/www.loidl-consulting.at\/it-dienstleister\/","url":"https:\/\/www.loidl-consulting.at\/it-dienstleister\/","name":"IT-Dienstleister seit 30 Jahren - LOIDL Consulting &amp; IT Services","isPartOf":{"@id":"https:\/\/www.loidl-consulting.at\/#website"},"primaryImageOfPage":{"@id":"https:\/\/www.loidl-consulting.at\/it-dienstleister\/#primaryimage"},"image":{"@id":"https:\/\/www.loidl-consulting.at\/it-dienstleister\/#primaryimage"},"thumbnailUrl":"https:\/\/www.loidl-consulting.at\/wp-content\/uploads\/2023\/06\/Loidl-IT-Consulting-info.png","datePublished":"2023-06-05T08:33:35+00:00","dateModified":"2025-12-12T11:26:08+00:00","description":"IT-Dienstleister LOIDL Consulting \u2013 IT-L\u00f6sungen f\u00fcr jeden Bedarf - seit 30 Jahren professionelle, kompetente Betreuung und effiziente L\u00f6sungen","breadcrumb":{"@id":"https:\/\/www.loidl-consulting.at\/it-dienstleister\/#breadcrumb"},"inLanguage":"en-GB","potentialAction":[{"@type":"ReadAction","target":["https:\/\/www.loidl-consulting.at\/it-dienstleister\/"]}]},{"@type":"ImageObject","inLanguage":"en-GB","@id":"https:\/\/www.loidl-consulting.at\/it-dienstleister\/#primaryimage","url":"https:\/\/www.loidl-consulting.at\/wp-content\/uploads\/2023\/06\/Loidl-IT-Consulting-info.png","contentUrl":"https:\/\/www.loidl-consulting.at\/wp-content\/uploads\/2023\/06\/Loidl-IT-Consulting-info.png"},{"@type":"BreadcrumbList","@id":"https:\/\/www.loidl-consulting.at\/it-dienstleister\/#breadcrumb","itemListElement":[{"@type":"ListItem","position":1,"name":"Home","item":"https:\/\/www.loidl-consulting.at\/"},{"@type":"ListItem","position":2,"name":"\u00dcber uns"}]},{"@type":"WebSite","@id":"https:\/\/www.loidl-consulting.at\/#website","url":"https:\/\/www.loidl-consulting.at\/","name":"LOIDL Consulting &amp; IT Services","description":"IT Services- Rechenzentrum - 3CX VoIP Telefonie - Telemedizin","publisher":{"@id":"https:\/\/www.loidl-consulting.at\/#organization"},"alternateName":"Loidl consulting","potentialAction":[{"@type":"SearchAction","target":{"@type":"EntryPoint","urlTemplate":"https:\/\/www.loidl-consulting.at\/?s={search_term_string}"},"query-input":{"@type":"PropertyValueSpecification","valueRequired":true,"valueName":"search_term_string"}}],"inLanguage":"en-GB"},{"@type":"Organization","@id":"https:\/\/www.loidl-consulting.at\/#organization","name":"LOIDL Consulting & IT Services","alternateName":"LOIDL Consulting","url":"https:\/\/www.loidl-consulting.at\/","logo":{"@type":"ImageObject","inLanguage":"en-GB","@id":"https:\/\/www.loidl-consulting.at\/#\/schema\/logo\/image\/","url":"https:\/\/www.loidl-consulting.at\/wp-content\/uploads\/2023\/05\/Logo-Loidl-Consulting.png","contentUrl":"https:\/\/www.loidl-consulting.at\/wp-content\/uploads\/2023\/05\/Logo-Loidl-Consulting.png","width":410,"height":60,"caption":"LOIDL Consulting & IT Services"},"image":{"@id":"https:\/\/www.loidl-consulting.at\/#\/schema\/logo\/image\/"},"sameAs":["https:\/\/www.linkedin.com\/company\/loidl-consulting-it-services\/"]}]}},"uagb_featured_image_src":{"full":false,"thumbnail":false,"medium":false,"medium_large":false,"large":false,"1536x1536":false,"2048x2048":false,"trp-custom-language-flag":false,"mailpoet_newsletter_max":false},"uagb_author_info":{"display_name":"admin","author_link":"https:\/\/www.loidl-consulting.at\/en\/author\/admin\/"},"uagb_comment_info":0,"uagb_excerpt":"IT-Dienstleister seit &#xFC;ber 30 Jahren! LOIDL Consulting &#x2013; wir bieten IT-L&#xF6;sungen f&#xFC;r jeden Bedarf LOIDL Consulting &#x2013; IHR IT-Dienstleister ist Ihr One-Stop-Shop f&#xFC;r alle Ihre IT-Anforderungen. Unser Expertenteam ist auf die Bereitstellung umfassender IT-Dienstleistungen spezialisiert, vom eigenen Rechenzentrum&#xA0;&#xFC;ber&#xA0;virtuelles Hosting Ihres B&#xFC;ros&#xA0;bis hin zu&#xA0;VoiceIP&#xA0;&#x2013; wir garantieren Ihnen eine zuverl&#xE4;ssige und sichere L&#xF6;sung. Auch wenn es um&hellip;","_links":{"self":[{"href":"https:\/\/www.loidl-consulting.at\/en\/wp-json\/wp\/v2\/pages\/5911","targetHints":{"allow":["GET"]}}],"collection":[{"href":"https:\/\/www.loidl-consulting.at\/en\/wp-json\/wp\/v2\/pages"}],"about":[{"href":"https:\/\/www.loidl-consulting.at\/en\/wp-json\/wp\/v2\/types\/page"}],"author":[{"embeddable":true,"href":"https:\/\/www.loidl-consulting.at\/en\/wp-json\/wp\/v2\/users\/1"}],"replies":[{"embeddable":true,"href":"https:\/\/www.loidl-consulting.at\/en\/wp-json\/wp\/v2\/comments?post=5911"}],"version-history":[{"count":82,"href":"https:\/\/www.loidl-consulting.at\/en\/wp-json\/wp\/v2\/pages\/5911\/revisions"}],"predecessor-version":[{"id":9934,"href":"https:\/\/www.loidl-consulting.at\/en\/wp-json\/wp\/v2\/pages\/5911\/revisions\/9934"}],"wp:attachment":[{"href":"https:\/\/www.loidl-consulting.at\/en\/wp-json\/wp\/v2\/media?parent=5911"}],"curies":[{"name":"wp","href":"https:\/\/api.w.org\/{rel}","templated":true}]}}